{"id":13,"date":"2014-02-01T19:53:53","date_gmt":"2014-02-01T18:53:53","guid":{"rendered":"http:\/\/wp.feuerwehr-gondelsheim.de\/?page_id=13"},"modified":"2014-02-11T00:12:15","modified_gmt":"2014-02-10T23:12:15","slug":"fahrzeuge","status":"publish","type":"page","link":"http:\/\/wp.feuerwehr-gondelsheim.de\/?page_id=13","title":{"rendered":"Fahrzeuge"},"content":{"rendered":"<p><a href=\"http:\/\/wp.feuerwehr-gondelsheim.de\/?page_id=43\"><img loading=\"lazy\" decoding=\"async\" class=\"size-full wp-image-209 alignleft\" title=\"zu den Details des LF 16\/12\" alt=\"\" src=\"http:\/\/wp.feuerwehr-gondelsheim.de\/wp-content\/uploads\/2014\/02\/lf16_neu.jpg\" width=\"200\" height=\"133\" \/><\/a><\/p>\n<h3>LF 16\/12\u00a0 &#8211;\u00a0 Florian Gondelsheim 44<\/h3>\n<p><strong><\/strong>Das L\u00f6schfahrzeug f\u00fchrt 2000 Liter Wasser mit sich, um bei einem Brandeinsatz sofort mit dem L\u00f6schen beginnen zu k\u00f6nnen. Es ist dank der tragbaren Leitern f\u00fcr Eins\u00e4tze bis zum 3. Obergescho\u00df geeignet.<br \/>\nEbenso ist dieses Fahrzeug f\u00fcr technische Hilfeleistungen ausger\u00fcstet.<\/p>\n<hr \/>\n<p>&nbsp;<\/p>\n<p><a href=\"http:\/\/wp.feuerwehr-gondelsheim.de\/?page_id=46\"><img loading=\"lazy\" decoding=\"async\" class=\"size-full wp-image-208 alignleft\" title=\"zu den Details des LF 8\" alt=\"\" src=\"http:\/\/wp.feuerwehr-gondelsheim.de\/wp-content\/uploads\/2014\/02\/lf8_neu.jpg\" width=\"200\" height=\"133\" \/><\/a><\/p>\n<h3>LF 8\u00a0 &#8211;\u00a0 Florian Gondelsheim 41<\/h3>\n<p>Dieses L\u00f6schfahrzeug dient einer L\u00f6schgruppe als Basis zum Brandeinsatz bis zum 2. Obergeschoss, oder der technischen Hilfeleistung.<\/p>\n<hr \/>\n<p>&nbsp;<\/p>\n<p><a href=\"http:\/\/wp.feuerwehr-gondelsheim.de\/?page_id=49http:\/\/\"><img loading=\"lazy\" decoding=\"async\" class=\"size-full wp-image-207 alignleft\" title=\"zu den Details des MTW\" alt=\"\" src=\"http:\/\/wp.feuerwehr-gondelsheim.de\/wp-content\/uploads\/2014\/02\/mtw_neu.jpg\" width=\"200\" height=\"133\" \/><\/a><\/p>\n<h3>MTW\u00a0 &#8211;\u00a0 Florian Gondelsheim 19<\/h3>\n<p>Der Mannschaftstransportwagen dient zur Bef\u00f6rderung von max. 9 Personen, aber nicht ausschlie\u00dflich. Das Fahrzeug wird auch als Transportfahrzeug diverser Gegenst\u00e4nde und sonstigen Fahrten eingesetzt, bei denen ein fahrbarer Untersatz notwendig ist.<\/p>\n","protected":false},"excerpt":{"rendered":"<p>LF 16\/12\u00a0 &#8211;\u00a0 Florian Gondelsheim 44 Das L\u00f6schfahrzeug f\u00fchrt 2000 Liter Wasser mit sich, um bei einem Brandeinsatz sofort mit dem L\u00f6schen beginnen zu k\u00f6nnen. Es ist dank der tragbaren Leitern f\u00fcr Eins\u00e4tze &hellip; <\/p>\n","protected":false},"author":1,"featured_media":0,"parent":0,"menu_order":0,"comment_status":"closed","ping_status":"closed","template":"","meta":{"footnotes":""},"class_list":["post-13","page","type-page","status-publish","hentry"],"_links":{"self":[{"href":"http:\/\/wp.feuerwehr-gondelsheim.de\/index.php?rest_route=\/wp\/v2\/pages\/13","targetHints":{"allow":["GET"]}}],"collection":[{"href":"http:\/\/wp.feuerwehr-gondelsheim.de\/index.php?rest_route=\/wp\/v2\/pages"}],"about":[{"href":"http:\/\/wp.feuerwehr-gondelsheim.de\/index.php?rest_route=\/wp\/v2\/types\/page"}],"author":[{"embeddable":true,"href":"http:\/\/wp.feuerwehr-gondelsheim.de\/index.php?rest_route=\/wp\/v2\/users\/1"}],"replies":[{"embeddable":true,"href":"http:\/\/wp.feuerwehr-gondelsheim.de\/index.php?rest_route=%2Fwp%2Fv2%2Fcomments&post=13"}],"version-history":[{"count":36,"href":"http:\/\/wp.feuerwehr-gondelsheim.de\/index.php?rest_route=\/wp\/v2\/pages\/13\/revisions"}],"predecessor-version":[{"id":248,"href":"http:\/\/wp.feuerwehr-gondelsheim.de\/index.php?rest_route=\/wp\/v2\/pages\/13\/revisions\/248"}],"wp:attachment":[{"href":"http:\/\/wp.feuerwehr-gondelsheim.de\/index.php?rest_route=%2Fwp%2Fv2%2Fmedia&parent=13"}],"curies":[{"name":"wp","href":"https:\/\/api.w.org\/{rel}","templated":true}]}}