{"id":185,"date":"2014-02-03T23:51:35","date_gmt":"2014-02-03T22:51:35","guid":{"rendered":"http:\/\/wp.feuerwehr-gondelsheim.de\/?page_id=185"},"modified":"2022-09-27T22:48:24","modified_gmt":"2022-09-27T20:48:24","slug":"impressum","status":"publish","type":"page","link":"http:\/\/wp.feuerwehr-gondelsheim.de\/?page_id=185","title":{"rendered":"Impressum \/ Datenschutz"},"content":{"rendered":"<h2 style=\"text-align: center;\"><img loading=\"lazy\" decoding=\"async\" class=\"alignnone wp-image-1509 size-large\" src=\"http:\/\/wp.feuerwehr-gondelsheim.de\/wp-content\/uploads\/2020\/11\/cropped-logo-3-1024x191.png\" alt=\"\" width=\"735\" height=\"137\" srcset=\"http:\/\/wp.feuerwehr-gondelsheim.de\/wp-content\/uploads\/2020\/11\/cropped-logo-3-1024x191.png 1024w, http:\/\/wp.feuerwehr-gondelsheim.de\/wp-content\/uploads\/2020\/11\/cropped-logo-3-300x56.png 300w, http:\/\/wp.feuerwehr-gondelsheim.de\/wp-content\/uploads\/2020\/11\/cropped-logo-3-768x143.png 768w, http:\/\/wp.feuerwehr-gondelsheim.de\/wp-content\/uploads\/2020\/11\/cropped-logo-3-1536x286.png 1536w, http:\/\/wp.feuerwehr-gondelsheim.de\/wp-content\/uploads\/2020\/11\/cropped-logo-3.png 2023w\" sizes=\"auto, (max-width: 735px) 100vw, 735px\" \/><\/h2>\n<p style=\"text-align: center;\">Gewerbestra\u00dfe 1 &#8211; 75053 Gondelsheim<\/p>\n<p style=\"text-align: center;\">Tel.: +49 7252 &#8211; 966 7575<\/p>\n<p style=\"text-align: center;\">Fax: \u00a0+49 7252 &#8211; 966 1097<\/p>\n<p style=\"text-align: center;\">E-Mail: <a href=\"mailto:mail@feuerwehr-gondelsheim.de\">\u00a0\u00a0mail [at] feuerwehr-gondelsheim [punkt] de<\/a><\/p>\n<p style=\"text-align: center;\">Kommandant: Timm Eisenhut<\/p>\n<p style=\"text-align: center;\">\n<p style=\"text-align: center;\"><strong>Wir sind f\u00fcr Sie da<\/strong><br \/>\n24 Stunden am Tag &#8211; 7 Tage die Woche &#8211; 365 Tage im Jahr<\/p>\n<p align=\"justify\"><strong>Haftung f\u00fcr Inhalte <\/strong><\/p>\n<p align=\"justify\">Der Inhalt unserer Seite wurde mit gr\u00f6\u00dfter Sorgfalt erstellt. F\u00fcr die Richtigkeit, Vollst\u00e4ndigkeit und Aktualit\u00e4t der Inhalte k\u00f6nnen wir jedoch keine Gew\u00e4hr \u00fcbernehmen.<\/p>\n<p align=\"justify\">Als Diensteanbieter sind wir gem\u00e4\u00df \u00a7 7 Abs.1 TMG f\u00fcr eigene Inhalte auf diesen Seiten nach den allgemeinen Gesetzen verantwortlich. Nach \u00a7\u00a7 8 bis 10 TMG sind wir als Diensteanbieter jedoch nicht verpflichtet, \u00fcbermittelte oder gespeicherte fremde Informationen zu \u00fcberwachen oder nach Umst\u00e4nden zu forschen, die auf eine rechtswidrige T\u00e4tigkeit hinweisen. Verpflichtungen zur Entfernung oder Sperrung der Nutzung von Informationen nach den allgemeinen Gesetzen bleiben hiervon unber\u00fchrt. Eine diesbez\u00fcgliche Haftung ist jedoch erst ab dem Zeitpunkt der Kenntnis einer konkreten Rechtsverletzung m\u00f6glich. Bei Bekanntwerden von entsprechenden Rechtsverletzungen werden wir diese Inhalte umgehend entfernen.<\/p>\n<p align=\"justify\"><strong>Haftung f\u00fcr Links <\/strong><\/p>\n<p align=\"justify\">Unser Angebot enth\u00e4lt Links zu externen Webseiten Dritter, auf deren Inhalte wir keinen Einfluss haben. Deshalb k\u00f6nnen wir f\u00fcr diese fremden Inhalte auch keine Gew\u00e4hr \u00fcbernehmen. F\u00fcr die Inhalte der verlinkten Seiten ist stets der jeweilige Anbieter oder Betreiber der Seiten verantwortlich. Die verlinkten Seiten wurden zum Zeitpunkt der Verlinkung auf m\u00f6gliche Rechtsverst\u00f6\u00dfe \u00fcberpr\u00fcft. Rechtswidrige Inhalte waren zum Zeitpunkt der Verlinkung nicht erkennbar. Eine permanente inhaltliche Kontrolle der verlinkten Seiten ist jedoch ohne konkrete Anhaltspunkte einer Rechtsverletzung nicht zumutbar. Bei Bekanntwerden von Rechtsverletzungen werden wir derartige Links umgehend entfernen.<\/p>\n<p align=\"justify\"><strong>Urheberrecht <\/strong><\/p>\n<p align=\"justify\">Die Betreiber der Seiten sind bem\u00fcht, stets die Urheberrechte anderer zu beachten bzw. auf selbst erstellte sowie lizenzfreie Werke zur\u00fcckzugreifen.<\/p>\n<p align=\"justify\">Die durch die Seitenbetreiber erstellten Inhalte und Werke auf diesen Seiten unterliegen dem deutschen Urheberrecht. Die Vervielf\u00e4ltigung, Bearbeitung, Verbreitung und jede Art der Verwertung au\u00dferhalb der Grenzen des Urheberrechtes bed\u00fcrfen der schriftlichen Zustimmung des jeweiligen Autors bzw. Erstellers. Downloads und Kopien dieser Seite sind nur f\u00fcr den privaten, nicht kommerziellen Gebrauch gestattet.<br \/>\nSoweit die Inhalte auf dieser Seite nicht vom Betreiber erstellt wurden, werden die Urheberrechte Dritter beachtet. Insbesondere werden Inhalte Dritter als solche gekennzeichnet. Sollten Sie trotzdem auf eine Urheberrechtsverletzung aufmerksam werden, bitten wir um einen entsprechenden Hinweis. Bei Bekanntwerden von Rechtsverletzungen werden wir derartige Inhalte umgehend entfernen.<\/p>\n<h3 align=\"justify\"><strong>Datenschutzerkl\u00e4rung<\/strong><\/h3>\n<p align=\"justify\"><strong>Datenschutz<\/strong><\/p>\n<p>Die Betreiber dieser Seiten nehmen den Schutz Ihrer pers\u00f6nlichen Daten sehr ernst. Wir behandeln Ihre personenbezogenen Daten vertraulich und entsprechend der gesetzlichen Datenschutzvorschriften sowie dieser Datenschutzerkl\u00e4rung.<\/p>\n<p>Die Nutzung unserer Website ist in der Regel ohne Angabe personenbezogener Daten m\u00f6glich. Soweit auf unseren Seiten personenbezogene Daten (beispielsweise Name, Anschrift oder E-Mail-Adressen) erhoben werden, erfolgt dies, soweit m\u00f6glich, stets auf freiwilliger Basis. Diese Daten werden ohne Ihre ausdr\u00fcckliche Zustimmung nicht an Dritte weitergegeben.<\/p>\n<p>Wir weisen darauf hin, dass die Daten\u00fcbertragung im Internet (z.B. bei der Kommunikation per E-Mail) Sicherheitsl\u00fccken aufweisen kann. Ein l\u00fcckenloser Schutz der Daten vor dem Zugriff durch Dritte ist nicht m\u00f6glich.<\/p>\n<p><strong>Widerspruch Werbe-Mails<\/strong><\/p>\n<p>Der Nutzung von im Rahmen der Impressumspflicht ver\u00f6ffentlichten Kontaktdaten zur \u00dcbersendung von nicht ausdr\u00fccklich angeforderter Werbung und Informationsmaterialien wird hiermit widersprochen. Die Betreiber der Seiten behalten sich ausdr\u00fccklich rechtliche Schritte im Falle der unverlangten Zusendung von Werbeinformationen, etwa durch Spam-E-Mails, vor.<\/p>\n<p><strong>Recht auf Auskunft, Berichtigung, Sperrung, L\u00f6schung<\/strong><\/p>\n<p>Sie haben jederzeit im Rahmen der geltenden gesetzlichen Bestimmungen das Recht auf unentgeltliche Auskunft \u00fcber Ihre gespeicherten personenbezogenen Daten, Herkunft der Daten, deren Empf\u00e4nger und den Zweck der Datenverarbeitung und ggf. ein Recht auf Berichtigung, Sperrung oder L\u00f6schung dieser Daten. Diesbez\u00fcglich und auch zu weiteren Fragen zum Thema personenbezogene Daten k\u00f6nnen Sie sich jederzeit \u00fcber die aufgef\u00fchrten Kontaktm\u00f6glichkeiten an uns wenden.<\/p>\n<p><strong>Widerruf Ihrer Einwilligung zur Datenverarbeitung<\/strong><\/p>\n<p>Nur mit Ihrer ausdr\u00fccklichen Einwilligung sind einige Vorg\u00e4nge der Datenverarbeitung m\u00f6glich. Ein Widerruf Ihrer bereits erteilten Einwilligung ist jederzeit m\u00f6glich. F\u00fcr den Widerruf gen\u00fcgt eine formlose Mitteilung per E-Mail. Die Rechtm\u00e4\u00dfigkeit der bis zum Widerruf erfolgten Datenverarbeitung bleibt vom Widerruf unber\u00fchrt.<\/p>\n<p><strong>Recht auf Beschwerde bei der zust\u00e4ndigen Aufsichtsbeh\u00f6rde<\/strong><\/p>\n<p>Als Betroffener steht Ihnen im Falle eines datenschutzrechtlichen Versto\u00dfes ein Beschwerderecht bei der zust\u00e4ndigen Aufsichtsbeh\u00f6rde zu. Zust\u00e4ndige Aufsichtsbeh\u00f6rde bez\u00fcglich datenschutzrechtlicher Fragen ist der Landesdatenschutzbeauftragte des Bundeslandes, in dem sich der Sitz unseres Unternehmens befindet. Der folgende Link stellt eine Liste der Datenschutzbeauftragten sowie deren Kontaktdaten bereit: <a href=\"https:\/\/www.bfdi.bund.de\/DE\/Infothek\/Anschriften_Links\/anschriften_links-node.html\" target=\"_blank\" rel=\"noopener noreferrer\">https:\/\/www.bfdi.bund.de\/DE\/Infothek\/Anschriften_Links\/anschriften_links-node.html<\/a>.<\/p>\n<p><strong>Cookies<\/strong><\/p>\n<p>Die Internetseiten verwenden teilweise so genannte Cookies. Cookies richten auf Ihrem Rechner keinen Schaden an und enthalten keine Viren. Cookies dienen dazu, unser Angebot nutzerfreundlicher, effektiver und sicherer zu machen. Cookies sind kleine Textdateien, die auf Ihrem Rechner abgelegt werden und die Ihr Browser speichert.<\/p>\n<p>Die meisten der von uns verwendeten Cookies sind so genannte \u201eSession-Cookies\u201c. Sie werden nach Ende Ihres Besuchs automatisch gel\u00f6scht. Andere Cookies bleiben auf Ihrem Endger\u00e4t gespeichert, bis Sie diese l\u00f6schen. Diese Cookies erm\u00f6glichen es uns, Ihren Browser beim n\u00e4chsten Besuch wiederzuerkennen.<\/p>\n<p>Sie k\u00f6nnen Ihren Browser so einstellen, dass Sie \u00fcber das Setzen von Cookies informiert werden und Cookies nur im Einzelfall erlauben, die Annahme von Cookies f\u00fcr bestimmte F\u00e4lle oder generell ausschlie\u00dfen sowie das automatische L\u00f6schen der Cookies beim Schlie\u00dfen des Browser aktivieren. Bei der Deaktivierung von Cookies kann die Funktionalit\u00e4t dieser Website eingeschr\u00e4nkt sein.<\/p>\n<p><strong>YouTube<\/strong><\/p>\n<p>F\u00fcr Integration und Darstellung von Videoinhalten nutzt unsere Website Plugins von YouTube. Anbieter des Videoportals ist die YouTube, LLC, 901 Cherry Ave., San Bruno, CA 94066, USA.<br \/>\nBei Aufruf einer Seite mit integriertem YouTube-Plugin wird eine Verbindung zu den Servern von YouTube hergestellt. YouTube erf\u00e4hrt hierdurch, welche unserer Seiten Sie aufgerufen haben.<br \/>\nYouTube kann Ihr Surfverhalten direkt Ihrem pers\u00f6nlichen Profil zuzuordnen, sollten Sie in Ihrem YouTube Konto eingeloggt sein. Durch vorheriges Ausloggen haben Sie die M\u00f6glichkeit, dies zu unterbinden.<br \/>\nDie Nutzung von YouTube erfolgt im Interesse einer ansprechenden Darstellung unserer Online-Angebote. Dies stellt ein berechtigtes Interesse im Sinne von Art. 6 Abs. 1 lit. f DSGVO dar.<br \/>\nEinzelheiten zum Umgang mit Nutzerdaten finden Sie in der Datenschutzerkl\u00e4rung von YouTube unter: <a href=\"https:\/\/www.google.de\/intl\/de\/policies\/privacy\">https:\/\/www.google.de\/intl\/de\/policies\/privacy<\/a>.<\/p>\n<p><strong>Facebook<\/strong><\/p>\n<p>Unsere Internetseite enth\u00e4lt Plugins von Facebook, 1601 South California Avenue, Palo Alto, CA 94304, USA. Facebook ist ein soziales Netzwerk. Das jeweilige Plugin ist am Logo von Facebook oder dem \u201eGef\u00e4llt-mir-Button\u201c erkennbar. Die Gesamt\u00fcbersicht aller Plugins von Facebook k\u00f6nnen Sie sich unter dem nachfolgenden Link ansehen: <a href=\"http:\/\/developers.facebook.com\/docs\/plugins\">http:\/\/developers.facebook.com\/docs\/plugins<\/a><br \/>\nSobald Sie unsere Internetseite frequentieren, stellt das Facebook-Plugin zwischen Ihrem Internetbrowser und den Servern von Facebook eine unmittelbare Verbindung her. Auf diesem Weg wird Facebook dar\u00fcber informiert, dass mit Ihrer IP-Adresse unsere Internetseite besucht wurde. F\u00fcr den Fall, dass Sie bei Facebook eingeloggt sein sollten, k\u00f6nnen Sie mittels des \u201eGef\u00e4llt-mir-Buttons\u201c den entsprechenden Inhalt, der sich auf unserer Internetseite befindet, in Ihrem Profil bei Facebook verlinken. Es ist Facebook dann m\u00f6glich, Ihren Besuch unserer Internetseite Ihrem Facebook-Account zuzuordnen. Wir, als Anbieter unserer Internetseite, werden von Facebook nicht \u00fcber den Inhalt der \u00fcbertragenen Daten beziehungsweise der Datennutzung informiert. Unter dem nachfolgenden Link k\u00f6nnen Sie sich weitergehend informieren: <a href=\"http:\/\/de-de.facebook.com\/policy.php\">http:\/\/de-de.facebook.com\/policy.php<\/a><br \/>\nF\u00fcr den Fall, dass Sie Mitglied von Facebook sein sollten, jedoch nicht m\u00f6chten, dass Facebook \u00fcber unsere Internetseite Daten \u00fcber Sie \u00fcbermittelt bekommt und mit Ihren Mitgliedsdaten verbindet, so m\u00fcssen Sie sich, bevor Sie unsere Internetseite aufrufen, bei Facebook ausloggen.<br \/>\n<em>Muster-Datenschutzerkl\u00e4rung von der Flegl Rechtsanw\u00e4lte GmbH<\/em><\/p>\n<p><strong>Server-Log-Dateien<\/strong><\/p>\n<p>In Server-Log-Dateien erhebt und speichert der Provider der Website automatisch Informationen, die Ihr Browser automatisch an uns \u00fcbermittelt. Dies sind:<\/p>\n<ul>\n<li>Besuchte Seite auf unserer Domain<\/li>\n<li>Datum und Uhrzeit der Serveranfrage<\/li>\n<li>Browsertyp und Browserversion<\/li>\n<li>Verwendetes Betriebssystem<\/li>\n<li>Referrer URL<\/li>\n<li>Hostname des zugreifenden Rechners<\/li>\n<li>IP-Adresse<\/li>\n<\/ul>\n<p>Es findet keine Zusammenf\u00fchrung dieser Daten mit anderen Datenquellen statt. Grundlage der Datenverarbeitung bildet Art. 6 Abs. 1 lit. b DSGVO, der die Verarbeitung von Daten zur Erf\u00fcllung eines Vertrags oder vorvertraglicher Ma\u00dfnahmen gestattet.<\/p>\n<p>Quelle: <a href=\"https:\/\/www.e-recht24.de\" target=\"_blank\" rel=\"noopener noreferrer\">www.e-recht24.de <\/a>&amp; <a href=\"http:\/\/www.mein-datenschutzbeauftragter.de\" target=\"_blank\" rel=\"noopener noreferrer\">www.mein-datenschutzbeauftragter.de<\/a><\/p>\n","protected":false},"excerpt":{"rendered":"<p>Gewerbestra\u00dfe 1 &#8211; 75053 Gondelsheim Tel.: +49 7252 &#8211; 966 7575 Fax: \u00a0+49 7252 &#8211; 966 1097 E-Mail: \u00a0\u00a0mail [at] feuerwehr-gondelsheim [punkt] de Kommandant: Timm Eisenhut Wir sind f\u00fcr Sie da 24 Stunden &hellip; <\/p>\n","protected":false},"author":1,"featured_media":0,"parent":0,"menu_order":0,"comment_status":"closed","ping_status":"closed","template":"","meta":{"footnotes":""},"class_list":["post-185","page","type-page","status-publish","hentry"],"_links":{"self":[{"href":"http:\/\/wp.feuerwehr-gondelsheim.de\/index.php?rest_route=\/wp\/v2\/pages\/185","targetHints":{"allow":["GET"]}}],"collection":[{"href":"http:\/\/wp.feuerwehr-gondelsheim.de\/index.php?rest_route=\/wp\/v2\/pages"}],"about":[{"href":"http:\/\/wp.feuerwehr-gondelsheim.de\/index.php?rest_route=\/wp\/v2\/types\/page"}],"author":[{"embeddable":true,"href":"http:\/\/wp.feuerwehr-gondelsheim.de\/index.php?rest_route=\/wp\/v2\/users\/1"}],"replies":[{"embeddable":true,"href":"http:\/\/wp.feuerwehr-gondelsheim.de\/index.php?rest_route=%2Fwp%2Fv2%2Fcomments&post=185"}],"version-history":[{"count":20,"href":"http:\/\/wp.feuerwehr-gondelsheim.de\/index.php?rest_route=\/wp\/v2\/pages\/185\/revisions"}],"predecessor-version":[{"id":2060,"href":"http:\/\/wp.feuerwehr-gondelsheim.de\/index.php?rest_route=\/wp\/v2\/pages\/185\/revisions\/2060"}],"wp:attachment":[{"href":"http:\/\/wp.feuerwehr-gondelsheim.de\/index.php?rest_route=%2Fwp%2Fv2%2Fmedia&parent=185"}],"curies":[{"name":"wp","href":"https:\/\/api.w.org\/{rel}","templated":true}]}}