{"id":223,"date":"2014-02-10T23:38:08","date_gmt":"2014-02-10T22:38:08","guid":{"rendered":"http:\/\/wp.feuerwehr-gondelsheim.de\/?page_id=223"},"modified":"2019-07-10T22:37:22","modified_gmt":"2019-07-10T20:37:22","slug":"bilder-der-mannschaft","status":"publish","type":"page","link":"http:\/\/wp.feuerwehr-gondelsheim.de\/?page_id=223","title":{"rendered":"Mannschaftsbilder"},"content":{"rendered":"\n<figure class=\"wp-block-image\"><a href=\"http:\/\/wp.feuerwehr-gondelsheim.de\/wp-content\/uploads\/2019\/06\/2019_mannschaftsbild.jpg\"><img loading=\"lazy\" decoding=\"async\" width=\"1024\" height=\"684\" src=\"http:\/\/wp.feuerwehr-gondelsheim.de\/wp-content\/uploads\/2019\/06\/2019_mannschaftsbild-1024x684.jpg\" alt=\"\" class=\"wp-image-1218\" srcset=\"http:\/\/wp.feuerwehr-gondelsheim.de\/wp-content\/uploads\/2019\/06\/2019_mannschaftsbild-1024x684.jpg 1024w, http:\/\/wp.feuerwehr-gondelsheim.de\/wp-content\/uploads\/2019\/06\/2019_mannschaftsbild-300x200.jpg 300w, http:\/\/wp.feuerwehr-gondelsheim.de\/wp-content\/uploads\/2019\/06\/2019_mannschaftsbild-768x513.jpg 768w, http:\/\/wp.feuerwehr-gondelsheim.de\/wp-content\/uploads\/2019\/06\/2019_mannschaftsbild.jpg 2000w\" sizes=\"auto, (max-width: 1024px) 100vw, 1024px\" \/><\/a><figcaption><strong>Mannschaftsbild 2019<\/strong><br>Aufgenommen zum 40-j\u00e4hrigen Partnerschaftsjubil\u00e4um mit unseren Kameraden aus Drou\u00e9<\/figcaption><\/figure>\n\n\n\n<div style=\"height:100px\" aria-hidden=\"true\" class=\"wp-block-spacer\"><\/div>\n\n\n\n<figure class=\"wp-block-image\"><a href=\"http:\/\/wp.feuerwehr-gondelsheim.de\/wp-content\/uploads\/2014\/02\/Mannschaft_2001.jpg\"><img loading=\"lazy\" decoding=\"async\" width=\"1024\" height=\"731\" src=\"http:\/\/wp.feuerwehr-gondelsheim.de\/wp-content\/uploads\/2014\/02\/Mannschaft_2001.jpg\" alt=\"\" class=\"wp-image-226\" srcset=\"http:\/\/wp.feuerwehr-gondelsheim.de\/wp-content\/uploads\/2014\/02\/Mannschaft_2001.jpg 1024w, http:\/\/wp.feuerwehr-gondelsheim.de\/wp-content\/uploads\/2014\/02\/Mannschaft_2001-300x214.jpg 300w\" sizes=\"auto, (max-width: 1024px) 100vw, 1024px\" \/><\/a><figcaption><strong>Mannschaftsbild 2001<\/strong><br>Die Aufnahme entstand im Jahr 2001 im Gondelsheimer Schlosspark beim Anlass des 100j\u00e4hrigen Bestehens der Feuerwehr <\/figcaption><\/figure>\n\n\n\n<div style=\"height:100px\" aria-hidden=\"true\" class=\"wp-block-spacer\"><\/div>\n\n\n\n<figure class=\"wp-block-image\"><a href=\"http:\/\/wp.feuerwehr-gondelsheim.de\/wp-content\/uploads\/2014\/02\/Mannschaft_alt.jpg\"><img loading=\"lazy\" decoding=\"async\" width=\"600\" height=\"447\" src=\"http:\/\/wp.feuerwehr-gondelsheim.de\/wp-content\/uploads\/2014\/02\/Mannschaft_alt.jpg\" alt=\"\" class=\"wp-image-227\" srcset=\"http:\/\/wp.feuerwehr-gondelsheim.de\/wp-content\/uploads\/2014\/02\/Mannschaft_alt.jpg 600w, http:\/\/wp.feuerwehr-gondelsheim.de\/wp-content\/uploads\/2014\/02\/Mannschaft_alt-300x223.jpg 300w\" sizes=\"auto, (max-width: 600px) 100vw, 600px\" \/><\/a><figcaption><strong>Mannschaftsbild damals<\/strong><br>Das genaue Jahr ist leider nicht bekannt<\/figcaption><\/figure>\n","protected":false},"excerpt":{"rendered":"","protected":false},"author":1,"featured_media":0,"parent":0,"menu_order":0,"comment_status":"closed","ping_status":"closed","template":"","meta":{"footnotes":""},"class_list":["post-223","page","type-page","status-publish","hentry"],"_links":{"self":[{"href":"http:\/\/wp.feuerwehr-gondelsheim.de\/index.php?rest_route=\/wp\/v2\/pages\/223","targetHints":{"allow":["GET"]}}],"collection":[{"href":"http:\/\/wp.feuerwehr-gondelsheim.de\/index.php?rest_route=\/wp\/v2\/pages"}],"about":[{"href":"http:\/\/wp.feuerwehr-gondelsheim.de\/index.php?rest_route=\/wp\/v2\/types\/page"}],"author":[{"embeddable":true,"href":"http:\/\/wp.feuerwehr-gondelsheim.de\/index.php?rest_route=\/wp\/v2\/users\/1"}],"replies":[{"embeddable":true,"href":"http:\/\/wp.feuerwehr-gondelsheim.de\/index.php?rest_route=%2Fwp%2Fv2%2Fcomments&post=223"}],"version-history":[{"count":6,"href":"http:\/\/wp.feuerwehr-gondelsheim.de\/index.php?rest_route=\/wp\/v2\/pages\/223\/revisions"}],"predecessor-version":[{"id":1245,"href":"http:\/\/wp.feuerwehr-gondelsheim.de\/index.php?rest_route=\/wp\/v2\/pages\/223\/revisions\/1245"}],"wp:attachment":[{"href":"http:\/\/wp.feuerwehr-gondelsheim.de\/index.php?rest_route=%2Fwp%2Fv2%2Fmedia&parent=223"}],"curies":[{"name":"wp","href":"https:\/\/api.w.org\/{rel}","templated":true}]}}