{"id":49,"date":"2014-02-02T13:43:05","date_gmt":"2014-02-02T12:43:05","guid":{"rendered":"http:\/\/wp.feuerwehr-gondelsheim.de\/?page_id=49"},"modified":"2026-01-09T11:48:05","modified_gmt":"2026-01-09T10:48:05","slug":"mtw","status":"publish","type":"page","link":"http:\/\/wp.feuerwehr-gondelsheim.de\/?page_id=49","title":{"rendered":"GO 19  &#8211;  MTW"},"content":{"rendered":"<p align=\"left\"><img decoding=\"async\" title=\"Mannschaftstransportwagen (MTW)\" src=\"http:\/\/www.feuerwehr-gondelsheim.de\/Pix\/Fahrzeuge\/mtw_neu.jpg\" border=\"0\" \/><\/p>\n<table border=\"0\" align=\"left\">\n<tbody>\n<tr>\n<td valign=\"top\" width=\"150\"><strong>Einsatzaufgaben<\/strong><\/td>\n<td width=\"400\">Der Mannschaftstransportwagen dient zur Bef\u00f6rderung von max. 9 Personen, aber nicht ausschlie\u00dflich. Das Fahrzeug wird auch als Einsatz-Leitfahrzeug, sowie als Transportfahrzeug diverser Gegenst\u00e4nde und sonstige Fahrten eingesetzt.<\/td>\n<\/tr>\n<tr>\n<td valign=\"top\" width=\"150\"><strong>Fahrzeughersteller<\/strong><\/td>\n<td width=\"400\">Mercedes-Benz<\/td>\n<\/tr>\n<tr>\n<td valign=\"top\" width=\"150\"><strong>Antriebsart<\/strong><\/td>\n<td width=\"400\">Dieselmotor<\/td>\n<\/tr>\n<\/tbody>\n<\/table>\n","protected":false},"excerpt":{"rendered":"<p>Einsatzaufgaben Der Mannschaftstransportwagen dient zur Bef\u00f6rderung von max. 9 Personen, aber nicht ausschlie\u00dflich. Das Fahrzeug wird auch als Einsatz-Leitfahrzeug, sowie als Transportfahrzeug diverser Gegenst\u00e4nde und sonstige Fahrten eingesetzt. Fahrzeughersteller Mercedes-Benz Antriebsart Dieselmotor<\/p>\n","protected":false},"author":1,"featured_media":0,"parent":0,"menu_order":0,"comment_status":"closed","ping_status":"closed","template":"","meta":{"footnotes":""},"class_list":["post-49","page","type-page","status-publish","hentry"],"_links":{"self":[{"href":"http:\/\/wp.feuerwehr-gondelsheim.de\/index.php?rest_route=\/wp\/v2\/pages\/49","targetHints":{"allow":["GET"]}}],"collection":[{"href":"http:\/\/wp.feuerwehr-gondelsheim.de\/index.php?rest_route=\/wp\/v2\/pages"}],"about":[{"href":"http:\/\/wp.feuerwehr-gondelsheim.de\/index.php?rest_route=\/wp\/v2\/types\/page"}],"author":[{"embeddable":true,"href":"http:\/\/wp.feuerwehr-gondelsheim.de\/index.php?rest_route=\/wp\/v2\/users\/1"}],"replies":[{"embeddable":true,"href":"http:\/\/wp.feuerwehr-gondelsheim.de\/index.php?rest_route=%2Fwp%2Fv2%2Fcomments&post=49"}],"version-history":[{"count":3,"href":"http:\/\/wp.feuerwehr-gondelsheim.de\/index.php?rest_route=\/wp\/v2\/pages\/49\/revisions"}],"predecessor-version":[{"id":2673,"href":"http:\/\/wp.feuerwehr-gondelsheim.de\/index.php?rest_route=\/wp\/v2\/pages\/49\/revisions\/2673"}],"wp:attachment":[{"href":"http:\/\/wp.feuerwehr-gondelsheim.de\/index.php?rest_route=%2Fwp%2Fv2%2Fmedia&parent=49"}],"curies":[{"name":"wp","href":"https:\/\/api.w.org\/{rel}","templated":true}]}}